{"id":282,"date":"2017-12-12T15:50:32","date_gmt":"2017-12-12T15:50:32","guid":{"rendered":"https:\/\/kerepes.eu\/springer\/?page_id=282"},"modified":"2019-09-07T11:19:48","modified_gmt":"2019-09-07T11:19:48","slug":"typography","status":"publish","type":"page","link":"https:\/\/kerepes.eu\/springer\/typography\/","title":{"rendered":"Typography"},"content":{"rendered":"<div class=\"wpb-content-wrapper\"><p>[vc_row css=&#8221;.vc_custom_1477659689740{margin-top: -0.3em !important;}&#8221;][vc_column icons_position=&#8221;left&#8221;][vc_column_text]Lorem ipsum dolor sit amet, in his nonumes tincidunt, accusata dignissim eum cu. Nec intellegat neglegentur concludaturque ei, magna veritus convenire vix ei. Cu stet oportere consectetuer eos, propriae eleifend eam cu, ridens dictas vix ex. Utroque voluptua vis id, vix ut eripuit erroribus ullamcorper, cu per dictas pericula. Animal lucilius prodesset ut eum, mollis quaeque albucius ad ius, omnes prodesset scribentur sea an. Feugiat democritum sit ut, dico civibus liberavisse nec an, impetus facilis adversarium in est.<\/p>\n<p>Lorem ipsum dolor sit amet, in his nonumes tincidunt, accusata dignissim eum cu. Nec intellegat neglegentur concludaturque ei, magna veritus convenire vix ei. Cu stet oportere consectetuer eos, propriae eleifend eam cu, ridens dictas vix ex. Utroque voluptua vis id, vix ut eripuit erroribus ullamcorper, cu per dictas pericula. Animal lucilius prodesset ut eum, mollis quaeque albucius ad ius, omnes prodesset scribentur sea an. Feugiat democritum sit ut, dico civibus liberavisse nec an, impetus facilis adversarium in est.Lorem ipsum dolor sit amet, in his.<\/p>\n<h1>H1 Heading (Class aptent taciti sociosqu ad litora)<\/h1>\n<p>Lorem ipsum dolor sit amet, in his nonumes tincidunt, accusata dignissim eum cu. Nec intellegat neglegentur concludaturque ei, magna veritus convenire vix ei. Cu stet oportere consectetuer eos, propriae eleifend eam cu.<\/p>\n<h2>H2 Heading (Class aptent taciti sociosqu ad litora)<\/h2>\n<p>Lorem ipsum dolor sit amet, in his nonumes tincidunt, accusata dignissim eum cu. Nec intellegat neglegentur concludaturque ei, magna veritus convenire vix ei. Cu stet oportere consectetuer eos, propriae eleifend eam cu.<\/p>\n<h3>H3 Heading (Class aptent taciti nostra sociosqu ad litora)<\/h3>\n<p>Lorem ipsum dolor sit amet, in his nonumes tincidunt, accusata dignissim eum cu. Nec intellegat neglegentur concludaturque ei, magna veritus convenire vix ei. Cu stet oportere consectetuer eos, propriae eleifend eam cu.<\/p>\n<h4>H4 Heading (Class aptent taciti sociosqu litora torquent per conubia)<\/h4>\n<p>Lorem ipsum dolor sit amet, in his nonumes tincidunt, accusata dignissim eum cu. Nec intellegat neglegentur concludaturque ei, magna veritus convenire vix ei. Cu stet oportere consectetuer eos, propriae eleifend eam cu.<\/p>\n<h5>H5 Heading (Class aptent taciti sociosqu ad litora torquent per conubia himenaeos)<\/h5>\n<p>Lorem ipsum dolor sit amet, in his nonumes tincidunt, accusata dignissim eum cu. Nec intellegat neglegentur concludaturque ei, magna veritus convenire vix ei. Cu stet oportere consectetuer eos, propriae eleifend eam cu.<\/p>\n<h6>H6 Heading (Class aptent taciti sociosqu ad litora torquent per conubia nostra, inceptos himenaeos)<\/h6>\n<p>Lorem ipsum dolor sit amet, in his nonumes tincidunt, accusata dignissim eum cu. Nec intellegat neglegentur concludaturque ei, magna veritus convenire vix ei. Cu stet oportere consectetuer eos, propriae eleifend eam cu.[\/vc_column_text][\/vc_column][\/vc_row][vc_row][vc_column icons_position=&#8221;left&#8221;][vc_separator color=&#8221;custom&#8221; accent_color=&#8221;#eeeeeb&#8221;][\/vc_column][\/vc_row][vc_row][vc_column icons_position=&#8221;left&#8221;][vc_column_text]<\/p>\n<h2>Standard Inline Elements<\/h2>\n<p><strong>Bold text<\/strong> dolor sit amet, consectetur <span class=\"trx_addons_accent\">link color<\/span> and<span class=\"trx_addons_hover\"> hovered link<\/span> sed do eiusmod tempor hovered ut labore et dolore magna aliqua. Ut enim ad minim veniam, quis nostrud exercitation <span class=\"trx_addons_accent_bg\">accent background<\/span> ullamco laboris nisi ut aliquip ex ea dafault link color consequat. Duis aute irure dolor in reprehenderit in voluptate velit esse cillum.<\/p>\n<p><em>Italic text<\/em> example iste natus error sit voluptatem italic text example doloremque laudantium, totam rem aperiam, eaque ipsa quae ab illo inventore vei <span class=\"trx_addons_tooltip\" data-tooltip=\"Tooltip title\">tooltip example<\/span> beatae explicabo. Nemo enptatem quia oluptas sit aspernatur. Duis aute irure dolor in reprehenderit in voluptate velit esse cillum.[\/vc_column_text][\/vc_column][\/vc_row][vc_row][vc_column icons_position=&#8221;left&#8221;][vc_separator color=&#8221;custom&#8221; accent_color=&#8221;#eeeeeb&#8221;][\/vc_column][\/vc_row][vc_row][vc_column icons_position=&#8221;left&#8221;][vc_column_text]<\/p>\n<h2>Blockquotes<\/h2>\n<div class=\"dummy\"><\/div>\n<p>[\/vc_column_text][vc_column_text]<\/p>\n<blockquote>\n<p>Lorem ipsum dolor sit amet, consectetuer adipiscing elit, sed diam nonummy nibh euismod tincidunt ut laoreet dolore magna aliquam erat volutpat. Ut wisi enim ad minim veniam, quis nostrud.<br \/>\n<cite>Jack Well<\/cite><\/p>\n<\/blockquote>\n<p>[\/vc_column_text][\/vc_column][\/vc_row][vc_row][vc_column icons_position=&#8221;left&#8221;][vc_separator color=&#8221;custom&#8221; accent_color=&#8221;#eeeeeb&#8221;][\/vc_column][\/vc_row][vc_row][vc_column icons_position=&#8221;left&#8221;][vc_column_text]<\/p>\n<h2>Dropcaps<\/h2>\n<div class=\"dummy\"><\/div>\n<p>[\/vc_column_text][\/vc_column][\/vc_row][vc_row][vc_column width=&#8221;1\/2&#8243; icons_position=&#8221;left&#8221;][vc_column_text]<span class=\"trx_addons_dropcap trx_addons_dropcap_style_1\">D<\/span>orem ipsum dolor sit amet, consectetuer adipiscing elit, sed diam no nibh euismod tincidunt ut laoreet dolore ut perspiciatis, is iste n sit opm accu doloremque lauantium, totam rem periam eaque ipsaquae abillo inventore veritatis et quasi architecto.[\/vc_column_text][vc_empty_space height=&#8221;2.1em&#8221; alter_height=&#8221;none&#8221; hide_on_desktop=&#8221;1&#8243; hide_on_notebook=&#8221;1&#8243; hide_on_tablet=&#8221;1&#8243; hide_on_mobile=&#8221;&#8221;][\/vc_column][vc_column width=&#8221;1\/2&#8243; icons_position=&#8221;left&#8221;][vc_column_text]<span class=\"trx_addons_dropcap trx_addons_dropcap_style_2\">D<\/span>orem ipsum dolor sit amet, consectetuer adipiscing elit, sed diam no nibh euismod tincidunt ut laoreet dolore ut perspiciatis, is iste n sit opm accu doloremque lauantium, totam rem periam eaque ipsaquae abillo inventore veritatis et quasi architecto.[\/vc_column_text][\/vc_column][\/vc_row][vc_row][vc_column icons_position=&#8221;left&#8221;][vc_separator color=&#8221;custom&#8221; accent_color=&#8221;#eeeeeb&#8221;][\/vc_column][\/vc_row][vc_row][vc_column icons_position=&#8221;left&#8221;][vc_column_text]<\/p>\n<h2>Image Alignment<\/h2>\n<div class=\"dummy\"><\/div>\n<p>Lorem ipsum dolor sit amet, consectetuer adipiscing elit, sed diam nonummy nibh euismod tincidunt ut laoreet dolore magna aliquam erat volutpat. Ut wisi enim ad minim veniam, quis nostrud exerci tation ullam corper suscipit lobortis nisl ut aliquip ex ea commodo consequat. Duis autem vel eum iriure dolor.<\/p>\n<figure id=\"attachment_272\" aria-describedby=\"caption-attachment-272\" style=\"width: 370px\" class=\"wp-caption alignleft\"><img loading=\"lazy\" decoding=\"async\" class=\"wp-image-272 size-full\" src=\"https:\/\/kerepes.eu\/springer\/wp-content\/uploads\/2017\/12\/bg-1-copyright.jpg\" alt=\"typ_img_1\" width=\"370\" height=\"235\" \/><figcaption id=\"caption-attachment-272\" class=\"wp-caption-text\">Title of image<\/figcaption><\/figure>\n<p>Euismod tincidunt ut dolore magna aliquam erat volutpat. Ut wisi enim ad minim veniam, quis exerci tation ullamcorper suscipit lobortis nisl ut aliquip ea comdo consequat. Eu feugiat nulla facilisis at vero eros et accumsan et odio dignissim.<\/p>\n<p>Qui blandit praesent luptatum zzril delenit augue duis dolore te feugait nulla facilisi. Sed ut perspiciatis, unde omnis iste natus error sit voluptatem accusantium doloremque laudantium, totam rem aperiam eaque ipsa, quae ab illo inventore.<\/p>\n<p>Lorem ipsum dolor sit amet, consectetuer adipiscing elit, sed diam nonummy nibh euismod tincidunt ut laoreet dolore magna aliquam erat volutpat. Ut wisi enim ad minim veniam, quis nostrud exerci tation ullamcorper suscipit lobortis nisl ut aliquip ex ea commodo consequat. Duis autem vel eum iriure dolor in hendrerit in vulputate velit.<\/p>\n<p><a href=\"https:\/\/kerepes.eu\/springer\/wp-content\/uploads\/2017\/12\/bg-2-copyright.jpg\"><img loading=\"lazy\" decoding=\"async\" class=\"alignright wp-image-273 size-full\" src=\"https:\/\/kerepes.eu\/springer\/wp-content\/uploads\/2017\/12\/bg-2-copyright.jpg\" alt=\"typ_img_2\" width=\"369\" height=\"236\" \/><\/a>Minim veniam, quis nostrud exerci tation ullamcorper subortis nisl ut aliqip ex ea commodo consequat. Duis autem vel eum iriure dolor in hendrerit in vulputate velit esse molestie consequat, illum dolore eu.Sed ut perspiciatis, unde.<\/p>\n<p>Doloremque laudantium, totam rem aperiam eaque ipsa, quae ab illo inventore veritatis et quasi architecto beatae vitae dicta sunt, explicabo nemo enim ipsam voluptatem, quia voluptas sit, aspernatur aut odit aut fugit.<\/p>\n<p>Lorem ipsum dolor sit amet, consectetuer adipiscing elit, sed diam nonummy nibh euismod tincidunt ut laoreet dolore magna aliquam erat volutpat. Ut wisi enim ad minim veniam, quis nostrud exerci tation ullamcorper suscipit lobortis nisl ut aliquip ex ea commodo consequat. Duis autem vel eum.[\/vc_column_text][\/vc_column][\/vc_row][vc_row][vc_column icons_position=&#8221;left&#8221;][vc_separator color=&#8221;custom&#8221; accent_color=&#8221;#eeeeeb&#8221;][\/vc_column][\/vc_row][vc_row][vc_column icons_position=&#8221;left&#8221;][vc_column_text]<\/p>\n<h2>List styles<\/h2>\n<div class=\"dummy\"><\/div>\n<p>[\/vc_column_text][\/vc_column][\/vc_row][vc_row][vc_column width=&#8221;1\/2&#8243; icons_position=&#8221;left&#8221;][vc_column_text]<\/p>\n<ul class=\"trx_addons_list_custom\">\n<li>Suspendisse dignissim<\/li>\n<li>Nullam efficitur nunc<\/li>\n<li>Etiam eu lectus at<\/li>\n<li>Etiam lobortis metus<\/li>\n<li>In eget augue vel odio<\/li>\n<\/ul>\n<p>[\/vc_column_text][\/vc_column][vc_column width=&#8221;1\/2&#8243; icons_position=&#8221;left&#8221;][\/vc_column][\/vc_row][vc_row][vc_column icons_position=&#8221;left&#8221;][vc_separator color=&#8221;custom&#8221; accent_color=&#8221;#eeeeeb&#8221;][\/vc_column][\/vc_row][vc_row][vc_column icons_position=&#8221;left&#8221;][vc_column_text]<\/p>\n<h2>Table<\/h2>\n<div class=\"dummy\"><\/div>\n<p>[\/vc_column_text]<div id=\"sc_table_2135271175_wrap\" class=\"sc_table_wrap\"><div id=\"sc_table_2135271175\"\n\t\t\tclass=\"sc_table sc_table_default trx_addons_inline_926169622\"><\/p>\n<table summary=\"Table example\" cellspacing=\"0\">\n<thead>\n<tr>\n<th>#<\/th>\n<th>Column 1<\/th>\n<th>Column 2<\/th>\n<th>Column 3<\/th>\n<th>Column 4<\/th>\n<\/tr>\n<\/thead>\n<tbody>\n<tr>\n<td style=\"text-align: center;\">1<\/td>\n<td style=\"text-align: center;\">Row 1 Cell 1<\/td>\n<td style=\"text-align: center;\">Row 1 Cell 2<\/td>\n<td style=\"text-align: center;\">Row 1 Cell 3<\/td>\n<td style=\"text-align: center;\">Row 1 Cell 4<\/td>\n<\/tr>\n<tr>\n<td style=\"text-align: center;\">2<\/td>\n<td style=\"text-align: center;\">Row 2 Cell 1<\/td>\n<td style=\"text-align: center;\">Row 2 Cell 2<\/td>\n<td style=\"text-align: center;\">Row 2 Cell 3<\/td>\n<td style=\"text-align: center;\">Row 2 Cell 4<\/td>\n<\/tr>\n<tr>\n<td style=\"text-align: center;\">3<\/td>\n<td style=\"text-align: center;\">Row 3 Cell 1<\/td>\n<td style=\"text-align: center;\">Row 3 Cell 2<\/td>\n<td style=\"text-align: center;\">Row 3 Cell 3<\/td>\n<td style=\"text-align: center;\">Row 3 Cell 4<\/td>\n<\/tr>\n<\/tbody>\n<\/table>\n<p><\/div><\/div><!-- \/.sc_table_wrap -->[\/vc_column][\/vc_row][vc_row][vc_column icons_position=&#8221;left&#8221;][vc_separator color=&#8221;custom&#8221; accent_color=&#8221;#eeeeeb&#8221;][\/vc_column][\/vc_row][vc_row hide_bg_image_on_tablet=&#8221;&#8221; hide_bg_image_on_mobile=&#8221;&#8221;][vc_column icons_position=&#8221;left&#8221;][vc_column_text]<\/p>\n<h2>Inputs &amp; Buttons<\/h2>\n<div class=\"dummy\"><\/div>\n<p>[\/vc_column_text]<p class=\"wpcf7-contact-form-not-found\"><strong>Hiba:<\/strong> Kapcsolatfelv\u00e9teli \u0171rlap nem tal\u00e1lhat\u00f3.<\/p>[vc_empty_space height=&#8221;2em&#8221; alter_height=&#8221;none&#8221; hide_on_desktop=&#8221;&#8221; hide_on_notebook=&#8221;&#8221; hide_on_tablet=&#8221;&#8221; hide_on_mobile=&#8221;1&#8243;][\/vc_column][\/vc_row][vc_row hide_bg_image_on_tablet=&#8221;&#8221; hide_bg_image_on_mobile=&#8221;&#8221; shape_divider_top_front=&#8221;&#8221; shape_divider_bottom_front=&#8221;&#8221;][vc_column icons_position=&#8221;left&#8221;]<a href=\"#\" id=\"sc_button_2038978449\" class=\"sc_button color_style_default sc_button_default  vc_custom_1513104422341 sc_button_size_large sc_button_icon_left\"><span class=\"sc_button_text\"><span class=\"sc_button_title\">Learn More<\/span><\/span><!-- \/.sc_button_text --><\/a><!-- \/.sc_button --><a href=\"#\" id=\"sc_button_555322201\" class=\"sc_button color_style_default sc_button_default  vc_custom_1521286092524 sc_button_size_normal sc_button_icon_left\"><span class=\"sc_button_text\"><span class=\"sc_button_title\">Learn More<\/span><\/span><!-- \/.sc_button_text --><\/a><!-- \/.sc_button --><a href=\"#\" id=\"sc_button_1099727497\" class=\"sc_button color_style_default sc_button_default  vc_custom_1521620491836 sc_button_size_small sc_button_icon_left\"><span class=\"sc_button_text\"><span class=\"sc_button_title\">Learn More<\/span><\/span><!-- \/.sc_button_text --><\/a><!-- \/.sc_button -->[\/vc_column][\/vc_row]<\/p>\n<\/div>","protected":false},"excerpt":{"rendered":"<p>[vc_row css=&#8221;.vc_custom_1477659689740{margin-top: -0.3em !important;}&#8221;][vc_column icons_position=&#8221;left&#8221;][vc_column_text]Lorem ipsum dolor sit amet, in his nonumes tincidunt, accusata dignissim eum cu. Nec intellegat neglegentur concludaturque ei, magna veritus convenire vix ei. Cu stet oportere consectetuer eos, propriae eleifend eam cu, ridens dictas vix ex. Utroque voluptua vis id, vix ut eripuit erroribus ullamcorper, cu per dictas pericula. Animal lucilius prodesset ut eum, mollis quaeque&hellip;<\/p>\n","protected":false},"author":1,"featured_media":0,"parent":0,"menu_order":0,"comment_status":"closed","ping_status":"closed","template":"","meta":{"give_campaign_id":0,"footnotes":""},"class_list":["post-282","page","type-page","status-publish","hentry"],"campaignId":"","_links":{"self":[{"href":"https:\/\/kerepes.eu\/springer\/wp-json\/wp\/v2\/pages\/282","targetHints":{"allow":["GET"]}}],"collection":[{"href":"https:\/\/kerepes.eu\/springer\/wp-json\/wp\/v2\/pages"}],"about":[{"href":"https:\/\/kerepes.eu\/springer\/wp-json\/wp\/v2\/types\/page"}],"author":[{"embeddable":true,"href":"https:\/\/kerepes.eu\/springer\/wp-json\/wp\/v2\/users\/1"}],"replies":[{"embeddable":true,"href":"https:\/\/kerepes.eu\/springer\/wp-json\/wp\/v2\/comments?post=282"}],"version-history":[{"count":0,"href":"https:\/\/kerepes.eu\/springer\/wp-json\/wp\/v2\/pages\/282\/revisions"}],"wp:attachment":[{"href":"https:\/\/kerepes.eu\/springer\/wp-json\/wp\/v2\/media?parent=282"}],"curies":[{"name":"wp","href":"https:\/\/api.w.org\/{rel}","templated":true}]}}