{"id":366,"date":"2017-12-12T22:44:40","date_gmt":"2017-12-12T22:44:40","guid":{"rendered":"https:\/\/kerepes.eu\/springer\/?page_id=366"},"modified":"2024-05-15T18:02:32","modified_gmt":"2024-05-15T18:02:32","slug":"szavazat","status":"publish","type":"page","link":"https:\/\/kerepes.eu\/springer\/szavazat\/","title":{"rendered":"Szavazat"},"content":{"rendered":"<div class=\"wpb-content-wrapper\"><p>[vc_row full_width=&#8221;stretch_row&#8221; hide_bg_image_on_tablet=&#8221;&#8221; hide_bg_image_on_mobile=&#8221;&#8221; css=&#8221;.vc_custom_1513119101517{background-color: #eeeeeb !important;}&#8221;][vc_column icons_position=&#8221;left&#8221;][vc_empty_space height=&#8221;4.2em&#8221; alter_height=&#8221;none&#8221; hide_on_desktop=&#8221;&#8221; hide_on_notebook=&#8221;&#8221; hide_on_tablet=&#8221;&#8221; hide_on_mobile=&#8221;&#8221;][vc_empty_space height=&#8221;4.2em&#8221; alter_height=&#8221;none&#8221; hide_on_desktop=&#8221;&#8221; hide_on_notebook=&#8221;1&#8243; hide_on_tablet=&#8221;1&#8243; hide_on_mobile=&#8221;1&#8243;][\/vc_column][\/vc_row][vc_row full_width=&#8221;stretch_row&#8221; hide_bg_image_on_tablet=&#8221;&#8221; hide_bg_image_on_mobile=&#8221;&#8221; css=&#8221;.vc_custom_1513119101517{background-color: #eeeeeb !important;}&#8221;][vc_column hide_bg_image_on_tablet=&#8221;&#8221; hide_bg_image_on_mobile=&#8221;&#8221; icons_position=&#8221;left&#8221; offset=&#8221;vc_col-lg-6 vc_col-md-12 vc_col-xs-12&#8243;]<div id=\"sc_title_651735266\"\n\t\tclass=\"sc_title color_style_default sc_title_accent\"><h6 class=\"sc_item_subtitle sc_title_subtitle sc_align_left sc_item_title_style_accent\">Seg\u00edtsen a gy\u0151zelemhez!<\/h6><h2 class=\"sc_item_title sc_title_title sc_align_left sc_item_title_style_accent\">Egy\u00fctt meg\u00e1ll\u00edthatatlanak vagyunk!<\/h2><div class=\"sc_item_descr sc_title_descr sc_align_left\"><p>Kerepes t\u00f6bbet \u00e9s jobbat \u00e9rdemel mit az eddigi teljes\u00edtm\u00e9nyek voltak.<br \/>\nSzavazzon a MAR\u00c9G csapat\u00e1ra \u00e9s bebizony\u00edthatjuk, hogy j\u00f3 d\u00f6nt\u00e9s volt.<\/p>\n<\/div><\/div><!-- \/.sc_title -->[vc_empty_space height=&#8221;2.1em&#8221; alter_height=&#8221;none&#8221; hide_on_desktop=&#8221;&#8221; hide_on_notebook=&#8221;&#8221; hide_on_tablet=&#8221;&#8221; hide_on_mobile=&#8221;&#8221;][vc_empty_space height=&#8221;2.1em&#8221; alter_height=&#8221;none&#8221; hide_on_desktop=&#8221;&#8221; hide_on_notebook=&#8221;&#8221; hide_on_tablet=&#8221;1&#8243; hide_on_mobile=&#8221;1&#8243;][vc_single_image image=&#8221;2171&#8243; img_size=&#8221;full&#8221; alignment=&#8221;center&#8221;][vc_empty_space height=&#8221;2.1em&#8221; alter_height=&#8221;none&#8221; hide_on_desktop=&#8221;1&#8243; hide_on_notebook=&#8221;1&#8243; hide_on_tablet=&#8221;&#8221; hide_on_mobile=&#8221;&#8221;][vc_column_text]<\/p>\n<h4><strong>Ahogy a helyi politika befoly\u00e1solja \u00e9let\u00fcnket<\/strong><\/h4>\n<p>Az elm\u00falt id\u0151szakban sajn\u00e1latos m\u00f3don azt tapasztaljuk, hogy v\u00e1rosunk k\u00f6zbiztons\u00e1ga vesz\u00e9lyben van. A drogok \u00e9s a kisebb b\u0171ncselekm\u00e9nyek egyre nagyobb probl\u00e9m\u00e1t jelentenek. A H\u00c9V utasait moleszt\u00e1lj\u00e1k, drogosok zs\u00fafolj\u00e1k tele a meg\u00e1ll\u00f3kat, \u00e9s az utc\u00e1kat. Ez elfogadhatatlan!<\/p>\n<p>Az infrastrukt\u00fara hi\u00e1nyoss\u00e1gai is aggaszt\u00f3ak. A csatorn\u00e1z\u00e1s el\u00e9gtelen, az utakat k\u00e1ty\u00fak szeg\u00e9lyezik, \u00e9s az aszfalt hi\u00e1nyos. Kev\u00e9s a f\u00e9r\u0151hely az \u00f3vod\u00e1kban \u00e9s b\u00f6lcs\u0151d\u00e9kben, \u00e9s a helyi k\u00f6zleked\u00e9s sem megfelel\u0151.<\/p>\n<p>A kisebb \u00e9s nagyobb \u00fczletek hi\u00e1nya konkurenci\u00e1tlans\u00e1got eredm\u00e9nyez, ami dr\u00e1g\u00e1bb\u00e1 teszi a mindennapi dolgainkat. K\u00f6zvil\u00e1g\u00edt\u00e1s hi\u00e1nyos, \u00e9s a k\u00f6z\u00f6ss\u00e9gi terek, k\u00fcl\u00f6n\u00f6sen az ifj\u00fas\u00e1g sz\u00e1m\u00e1ra, hi\u00e1nyoznak.<\/p>\n<p>\u00c9n, egy szak\u00e9rt\u0151i csapat r\u00e9szek\u00e9nt, v\u00e1llalom, hogy megold\u00e1st k\u00edn\u00e1lok ezekre a probl\u00e9m\u00e1kra. Ha megv\u00e1lasztotok k\u00e9pvisel\u0151nek \u00e9s engem polg\u00e1rmesternek a j\u00fanius 9-i helyi \u00f6nkorm\u00e1nyzati v\u00e1laszt\u00e1son, \u00edg\u00e9rem, hogy az els\u0151dleges feladatom az lesz, hogy vissza\u00e1ll\u00edtsuk a biztons\u00e1got \u00e9s a fejl\u0151d\u00e9st Kerepesen.<\/p>\n<p>&nbsp;<\/p>\n<p>Oktat\u00e1s \u00e9s a nevel\u00e9s t\u00e1mogat\u00e1sa, a kiemelt c\u00e9lunk<\/p>\n<p>A tud\u00e1s \u00e9s a kult\u00fara p\u00e1rtj\u00e1n \u00e1llok. Kerepes felemelked\u00e9se csak szil\u00e1rd erk\u00f6lcsi alapokon nyugv\u00f3 nevel\u00e9ssel \u00e9rhet\u0151 el. Identit\u00e1sunk meg\u0151rz\u00e9se elk\u00e9pzelhetetlen kult\u00far\u00e1nk megbecs\u00fcl\u00e9se n\u00e9lk\u00fcl. Kiemelt figyelmet kell ford\u00edtanunk arra, hogy olyan helyi szakemberekkel rendelkezz\u00fcnk, akik kimagasl\u00f3 tud\u00e1ssal rendelkeznek a gazdas\u00e1g, idegenforgalom \u00e9s marketing a k\u00fcl\u00f6nb\u00f6z\u0151 szakma, \u00e9p\u00edt\u00e9szet de kultur\u00e1lis ter\u00fcleteken is<\/p>\n<p>De k\u00fcl\u00f6n\u00f6s figyelmet ford\u00edtunk pedag\u00f3gusaink, k\u00f6zalkalmazottaink \u00e9s k\u00f6ztisztvisel\u0151ink megbecs\u00fcl\u00e9s\u00e9re is. Fontos feladat a t\u00f6rt\u00e9nelmi egyh\u00e1zakkal val\u00f3 j\u00f3 kapcsolat tov\u00e1bbi fenntart\u00e1sa, de elv\u00e1lasztva a helyi politik\u00e1t\u00f3l azt. A k\u00f6z\u00f6ss\u00e9g megtart\u00f3 erej\u00e9nek n\u00f6vel\u00e9se a c\u00e9l. Kapcsolatot kell ki\u00e9p\u00edteni a G\u00f6d\u00f6ll\u0151i egyetemmel, \u00e9s a v\u00e1ros fejl\u0151d\u00e9se \u00e9rdek\u00e9ben hasznos\u00edtani kell mindazt a tud\u00e1st, amelyet az egyetem k\u00e9pz\u00e9sein kereszt\u00fcl fiatalok elsaj\u00e1t\u00edthatnak. Itt els\u0151sorban a lehet\u0151s\u00e9get kell kihaszn\u00e1lni hogy integr\u00e1ljuk \u0151ket hogy a k\u00e9pz\u00e9s mellett helyben v\u00e9gezhessenek munk\u00e1t a telep\u00fcl\u00e9s \u00e9rdek\u00e9ben.<\/p>\n<p>Ugyan\u00edgy a k\u00f6z\u00e9piskol\u00e1sok k\u00f6zc\u00e9l\u00fa 50 \u00f3r\u00e1s munk\u00e1j\u00e1ra is ig\u00e9nyt tarthatnak int\u00e9zm\u00e9nyeinek, ezzel \u00faj lelend\u0151 munkaer\u0151t nyerhet a v\u00e1ros helyi lakosokb\u00f3l.\u00a0 \u00a0A fiatalok megtart\u00e1sa \u00e9rdek\u00e9ben t\u00e1mogatnunk kell a tov\u00e1bbtanul\u00e1ssal kapcsolatos \u00f6szt\u00f6nd\u00edjp\u00e1ly\u00e1zatokat. Biztos\u00edtanunk kell a tehets\u00e9ggondoz\u00e1s felt\u00e9teleit, versenyeken val\u00f3 r\u00e9szv\u00e9telt, \u00e9s az el\u00e9rt eredm\u00e9nyeket be kell mutatni a v\u00e1ros lakoss\u00e1ga sz\u00e1m\u00e1ra az &#8222;ifj\u00fa tehets\u00e9g d\u00edj megtart\u00e1s\u00e1val. melyre rendezv\u00e9ny keretein bel\u00fcl \u00e9p\u00edthet\u00fcnk.<\/p>\n<p>&nbsp;<\/p>\n<p><strong>A k\u00f6zbiztons\u00e1g:<\/strong><\/p>\n<p>K\u00f6zbiztons\u00e1g \u2013 l\u00e9tbiztons\u00e1g. A kerepesi biztons\u00e1g jelenlegi szintre val\u00f3 le\u00e9p\u00fcl\u00e9se nagy terhet r\u00f3 a mindenkori vezet\u00e9sre. Sem turista, sem v\u00e1llalkoz\u00e1s nem j\u00f6n Kerepesre, ha nem csak a h\u00edr\u00fcnk, hanem valljuk be, a val\u00f3s\u00e1g is rossz. Vas-f\u00e9m hullad\u00e9kgy\u0171jt\u0151, kov\u00e1csoltvas t\u00e1bla? M\u00e9g egy vir\u00e1got sem lehet k\u00f6zter\u00fcletre \u00fcltetni, mert r\u00f6vid id\u0151n bel\u00fcl elt\u0171nik.<br \/>\nA munkan\u00e9lk\u00fclis\u00e9g okozta kil\u00e1t\u00e1stalan helyzetben egyre t\u00f6bben menek\u00fclnek a k\u00e1b\u00edt\u00f3szer okozta m\u00e1morba, \u00e9s egyre t\u00f6bb embernek a b\u0171n\u00f6z\u00e9s az egyetlen meg\u00e9lhet\u00e9si forr\u00e1sa.<br \/>\nEz nem n\u00e9pcsoport specifikus, de vannak bizonyos b\u0171n\u00f6z\u0151i tev\u00e9kenys\u00e9gek, ami ehhez k\u00f6thet\u0151. F\u00e9mtolvajl\u00e1s, k\u00e1bel\u00e9get\u00e9s, b\u00e1r biztosan nem csak egy t\u00e1rsadalmi csoport \u0171zi ezt, de jelent\u0151sen elharap\u00f3dzott. A bet\u00f6r\u00e9sek, lop\u00e1sok \u00e9s a rabl\u00e1sok is nagyon elterjedtek. Nem dughatjuk a fej\u00fcnket a homokba, nem folytathat\u00f3 a struccpolitika. Ha nem akarjuk, hogy a b\u0171n\u00f6z\u00e9s tov\u00e1bb terjedjen a telep\u00fcl\u00e9sen, akkor most, a 24. \u00f3r\u00e1ban kell megf\u00e9kezni A kez\u00fcnkben l\u00e9v\u0151 lehet\u0151s\u00e9geket ki kell haszn\u00e1lnunk, egys\u00e9ges er\u0151v\u00e9 kell kov\u00e1csolni.<\/p>\n<p>A k\u00f6z\u00f6s munk\u00e1val \u00e9s a k\u00f6z\u00f6ss\u00e9gi \u00f6sszefog\u00e1ssal k\u00e9pesek vagyunk megv\u00e1ltoztatni a j\u00f6v\u0151nket. Szavazzatok r\u00e1m \u00e9s csapatunkra, hogy egy jobb \u00e9s biztons\u00e1gosabb Kerepes\u00e9rt dolgozhassunk!<\/p>\n<p>K\u00f6sz\u00f6n\u00f6m a t\u00e1mogat\u00e1sotokat!<\/p>\n<p>#Kerepes #V\u00e1laszt\u00e1s2024 #K\u00f6z\u00f6ss\u00e9g #Fejl\u0151d\u00e9s<\/p>\n<div class=\"post_meta post_meta_single\"><\/div>\n<p>[\/vc_column_text][\/vc_column][vc_column width=&#8221;1\/12&#8243; icons_position=&#8221;left&#8221; offset=&#8221;vc_col-lg-1 vc_hidden-md vc_hidden-sm vc_col-xs-12 vc_hidden-xs&#8221;][\/vc_column][vc_column hide_bg_image_on_tablet=&#8221;&#8221; hide_bg_image_on_mobile=&#8221;&#8221; icons_position=&#8221;left&#8221; offset=&#8221;vc_col-lg-5 vc_col-md-12 vc_col-xs-12&#8243;]<div id=\"sc_content_675671442\"\n\t\tclass=\"sc_content color_style_default sc_content_default sc_float_center custom_volunteer_form  vc_custom_1527089498429\"><div class=\"sc_content_container\">[vc_empty_space height=&#8221;3.1em&#8221; alter_height=&#8221;none&#8221; hide_on_desktop=&#8221;&#8221; hide_on_notebook=&#8221;&#8221; hide_on_tablet=&#8221;&#8221; hide_on_mobile=&#8221;&#8221;][vc_empty_space height=&#8221;3.1em&#8221; alter_height=&#8221;none&#8221; hide_on_desktop=&#8221;&#8221; hide_on_notebook=&#8221;1&#8243; hide_on_tablet=&#8221;1&#8243; hide_on_mobile=&#8221;1&#8243;][vc_column_text]<p class=\"wpcf7-contact-form-not-found\"><strong>Hiba:<\/strong> Kapcsolatfelv\u00e9teli \u0171rlap nem tal\u00e1lhat\u00f3.<\/p>[\/vc_column_text][vc_empty_space height=&#8221;1.5em&#8221; alter_height=&#8221;none&#8221; hide_on_desktop=&#8221;&#8221; hide_on_notebook=&#8221;1&#8243; hide_on_tablet=&#8221;1&#8243; hide_on_mobile=&#8221;1&#8243;][vc_empty_space height=&#8221;1.5em&#8221; alter_height=&#8221;none&#8221; hide_on_desktop=&#8221;&#8221; hide_on_notebook=&#8221;1&#8243; hide_on_tablet=&#8221;1&#8243; hide_on_mobile=&#8221;1&#8243;]<\/div><\/div><!-- \/.sc_content -->[\/vc_column][\/vc_row][vc_row full_width=&#8221;stretch_row&#8221; hide_bg_image_on_tablet=&#8221;&#8221; hide_bg_image_on_mobile=&#8221;&#8221; css=&#8221;.vc_custom_1513119101517{background-color: #eeeeeb !important;}&#8221;][vc_column icons_position=&#8221;left&#8221;][vc_empty_space height=&#8221;4.2em&#8221; alter_height=&#8221;none&#8221; hide_on_desktop=&#8221;&#8221; hide_on_notebook=&#8221;&#8221; hide_on_tablet=&#8221;&#8221; hide_on_mobile=&#8221;&#8221;][vc_empty_space height=&#8221;4.2em&#8221; alter_height=&#8221;none&#8221; hide_on_desktop=&#8221;&#8221; hide_on_notebook=&#8221;1&#8243; hide_on_tablet=&#8221;1&#8243; hide_on_mobile=&#8221;1&#8243;][\/vc_column][\/vc_row]<\/p>\n<\/div>","protected":false},"excerpt":{"rendered":"<p>[vc_row full_width=&#8221;stretch_row&#8221; hide_bg_image_on_tablet=&#8221;&#8221; hide_bg_image_on_mobile=&#8221;&#8221; css=&#8221;.vc_custom_1513119101517{background-color: #eeeeeb !important;}&#8221;][vc_column icons_position=&#8221;left&#8221;][vc_empty_space height=&#8221;4.2em&#8221; alter_height=&#8221;none&#8221; hide_on_desktop=&#8221;&#8221; hide_on_notebook=&#8221;&#8221; hide_on_tablet=&#8221;&#8221; hide_on_mobile=&#8221;&#8221;][vc_empty_space height=&#8221;4.2em&#8221; alter_height=&#8221;none&#8221; hide_on_desktop=&#8221;&#8221; hide_on_notebook=&#8221;1&#8243; hide_on_tablet=&#8221;1&#8243; hide_on_mobile=&#8221;1&#8243;][\/vc_column][\/vc_row][vc_row full_width=&#8221;stretch_row&#8221; hide_bg_image_on_tablet=&#8221;&#8221; hide_bg_image_on_mobile=&#8221;&#8221; css=&#8221;.vc_custom_1513119101517{background-color: #eeeeeb !important;}&#8221;][vc_column hide_bg_image_on_tablet=&#8221;&#8221; hide_bg_image_on_mobile=&#8221;&#8221; icons_position=&#8221;left&#8221; offset=&#8221;vc_col-lg-6 vc_col-md-12 vc_col-xs-12&#8243;][vc_empty_space height=&#8221;2.1em&#8221; alter_height=&#8221;none&#8221; hide_on_desktop=&#8221;&#8221; hide_on_notebook=&#8221;&#8221; hide_on_tablet=&#8221;&#8221; hide_on_mobile=&#8221;&#8221;][vc_empty_space height=&#8221;2.1em&#8221; alter_height=&#8221;none&#8221; hide_on_desktop=&#8221;&#8221; hide_on_notebook=&#8221;&#8221; hide_on_tablet=&#8221;1&#8243; hide_on_mobile=&#8221;1&#8243;][vc_single_image image=&#8221;2171&#8243; img_size=&#8221;full&#8221; alignment=&#8221;center&#8221;][vc_empty_space height=&#8221;2.1em&#8221; alter_height=&#8221;none&#8221; hide_on_desktop=&#8221;1&#8243; hide_on_notebook=&#8221;1&#8243; hide_on_tablet=&#8221;&#8221; hide_on_mobile=&#8221;&#8221;][vc_column_text] Ahogy a helyi politika befoly\u00e1solja \u00e9let\u00fcnket Az&hellip;<\/p>\n","protected":false},"author":1,"featured_media":0,"parent":0,"menu_order":0,"comment_status":"closed","ping_status":"closed","template":"","meta":{"give_campaign_id":0,"footnotes":""},"class_list":["post-366","page","type-page","status-publish","hentry"],"campaignId":"","_links":{"self":[{"href":"https:\/\/kerepes.eu\/springer\/wp-json\/wp\/v2\/pages\/366","targetHints":{"allow":["GET"]}}],"collection":[{"href":"https:\/\/kerepes.eu\/springer\/wp-json\/wp\/v2\/pages"}],"about":[{"href":"https:\/\/kerepes.eu\/springer\/wp-json\/wp\/v2\/types\/page"}],"author":[{"embeddable":true,"href":"https:\/\/kerepes.eu\/springer\/wp-json\/wp\/v2\/users\/1"}],"replies":[{"embeddable":true,"href":"https:\/\/kerepes.eu\/springer\/wp-json\/wp\/v2\/comments?post=366"}],"version-history":[{"count":4,"href":"https:\/\/kerepes.eu\/springer\/wp-json\/wp\/v2\/pages\/366\/revisions"}],"predecessor-version":[{"id":2974,"href":"https:\/\/kerepes.eu\/springer\/wp-json\/wp\/v2\/pages\/366\/revisions\/2974"}],"wp:attachment":[{"href":"https:\/\/kerepes.eu\/springer\/wp-json\/wp\/v2\/media?parent=366"}],"curies":[{"name":"wp","href":"https:\/\/api.w.org\/{rel}","templated":true}]}}