{"id":93,"date":"2017-11-22T16:00:34","date_gmt":"2017-11-22T16:00:34","guid":{"rendered":"https:\/\/kerepes.eu\/springer\/?page_id=93"},"modified":"2024-05-25T08:47:48","modified_gmt":"2024-05-25T08:47:48","slug":"news-events","status":"publish","type":"page","link":"https:\/\/kerepes.eu\/springer\/news-events\/","title":{"rendered":"H\u00edreink"},"content":{"rendered":"<div class=\"wpb-content-wrapper\"><p>[vc_row][vc_column icons_position=&#8221;left&#8221;]<div id=\"sc_title_2033298882\"\n\t\tclass=\"sc_title color_style_default sc_title_accent\"><h6 class=\"sc_item_subtitle sc_title_subtitle sc_align_center sc_item_title_style_accent\">Esem\u00e9nyek - H\u00edrek<\/h6><h2 class=\"sc_item_title sc_title_title sc_align_center sc_item_title_style_accent\">Legfrisseb h\u00edrek<\/h2><\/div><!-- \/.sc_title -->[vc_empty_space height=&#8221;4.5em&#8221; alter_height=&#8221;none&#8221; hide_on_desktop=&#8221;&#8221; hide_on_notebook=&#8221;&#8221; hide_on_tablet=&#8221;&#8221; hide_on_mobile=&#8221;&#8221;][vc_row_inner hide_bg_image_on_tablet=&#8221;&#8221; hide_bg_image_on_mobile=&#8221;&#8221;][vc_column_inner icons_position=&#8221;left&#8221; offset=&#8221;vc_col-lg-8 vc_col-md-8 vc_col-xs-12&#8243;]<div  id=\"sc_blogger_1291551187\"\t\tclass=\"sc_blogger color_style_default sc_blogger_modern\"><div class=\"sc_blogger_content sc_item_content sc_item_posts_container\"><div class=\"sc_blogger_item post_format_standard with-img post-31 post type-post status-publish format-standard has-post-thumbnail hentry category-city-events category-important category-campaign-news category-daily-news category-politics-environment category-uncategorized category-about-the-city tag-donation\"><div class=\"post_featured with_thumb hover_dots sc_blogger_item_featured\"><img loading=\"lazy\" decoding=\"async\" width=\"526\" height=\"760\" src=\"https:\/\/kerepes.eu\/springer\/wp-content\/uploads\/2024\/05\/443840253_1409421623789150_9130584651088138882_n-526x760.jpg\" class=\"attachment-jack_well-thumb-extra size-jack_well-thumb-extra wp-post-image\" alt=\"\" \/><div class=\"mask\"><\/div><a href=\"https:\/\/kerepes.eu\/springer\/2024\/05\/23\/mayor-community-convention-center-and-partners-celebrate-historic-agreement\/\" aria-hidden=\"true\" class=\"icons\"><span><\/span><span><\/span><span><\/span><\/a><div class=\"post_info\"><div class=\"post_tags\"><span class=\"post_meta_item post_tags\"><span class=\"post_meta_label\"><\/span> <a href=\"https:\/\/kerepes.eu\/springer\/tag\/donation\/\" rel=\"tag\">donation<\/a><\/span><\/div><\/div><\/div><div class=\"sc_blogger_item_content entry-content\"><div class=\"sc_blogger_item_header entry-header\"><div class=\"post_meta\">\t\t\t\t\t\t<span class=\"post_meta_item post_date\"><a href=\"https:\/\/kerepes.eu\/springer\/2024\/05\/23\/mayor-community-convention-center-and-partners-celebrate-historic-agreement\/\">2024.05.23.<\/a><\/span>\n\t\t\t\t\t\t <a href=\"https:\/\/kerepes.eu\/springer\/2024\/05\/23\/mayor-community-convention-center-and-partners-celebrate-historic-agreement\/#respond\" class=\"post_meta_item post_counters_item post_counters_comments trx_addons_icon-comment\"><span class=\"post_counters_number\">0<\/span><span class=\"post_counters_label\">Comments<\/span><\/a> <\/div><!-- .post_meta --><h5 class=\"sc_blogger_item_title entry-title\"><a href=\"https:\/\/kerepes.eu\/springer\/2024\/05\/23\/mayor-community-convention-center-and-partners-celebrate-historic-agreement\/\" rel=\"bookmark\">Polg\u00e1rmesteri, k\u00f6z\u00f6ss\u00e9g\u00e9p\u00edt\u00e9s \u00e9s csin\u00e1ljunk k\u00f6z\u00f6sen t\u00f6rt\u00e9nelmet!<\/a><\/h5><\/div><!-- .entry-header --><div class=\"sc_blogger_item_excerpt\">\n\t\t\t\t<div class=\"sc_blogger_item_excerpt_text\">\n\t\t\t\t\t<p>Tegy\u00fcnk Egy\u00fctt Varosunk\u00e9rt, Kerepes\u00e9rt!\u00a0 Egy v\u00e1rosk\u00f6zpont v\u00edzi\u00f3ja. De nem a Szilasi nagy r\u00e9ten, amit a kerepesiek r\u00e9gen csak &#8222;S\u00f3s v\u00edz&#8221; n\u00e9ven emlegettek \u00e9s ismertek. Nem, mert a r\u00e9t maradjon r\u00e9t \u00e9s szabadid\u0151park. Megv\u00e1laszt\u00e1sunk eset\u00e9n kiz\u00e1r\u00f3lag termeszt k\u00f6zeli felhaszn\u00e1l\u00e1s elfogadott r\u00e9sz\u00fcnkr\u0151l. Betondzsungel sz\u00f3ba sem j\u00f6het. Csak k\u00f6zpark \u00e9s szabadid\u0151park.Viszont\u00a0 Templom utca templommal \u00e1tellenes oldal\u00e1n a v\u00edzmos\u00e1s mellett egy megfelel\u0151 rendezv\u00e9ny t\u00e9r&hellip;<\/p>\n\t\t\t\t<\/div>\n\t\t\t\t<div class=\"sc_blogger_item_button sc_item_button\"><a href=\"https:\/\/kerepes.eu\/springer\/2024\/05\/23\/mayor-community-convention-center-and-partners-celebrate-historic-agreement\/\" class=\"sc_button sc_button_default sc_button_size_small\">Read more<\/a><\/div>\t\t\t\t\t<a class=\"post_meta_item post_author\" rel=\"author\" href=\"https:\/\/kerepes.eu\/springer\/author\/ugrojani\/\">\n\t\t\t\t\t\tby ugrojani\t\t\t\t\t<\/a>\n\t\t\t\t<\/div><!-- .sc_blogger_item_excerpt --><\/div><!-- .entry-content --><\/div><!-- .sc_blogger_item --><div class=\"sc_blogger_item post_format_standard with-img post-37 post type-post status-publish format-standard has-post-thumbnail hentry category-city-events category-important category-campaign-news category-daily-news category-politics-environment category-uncategorized tag-donation tag-program tag-volunteer\"><div class=\"post_featured with_thumb hover_dots sc_blogger_item_featured\"><img loading=\"lazy\" decoding=\"async\" width=\"760\" height=\"760\" src=\"https:\/\/kerepes.eu\/springer\/wp-content\/uploads\/2024\/05\/442410362_10233798008158987_5902733168235411817_n-760x760.jpg\" class=\"attachment-jack_well-thumb-extra size-jack_well-thumb-extra wp-post-image\" alt=\"\" srcset=\"https:\/\/kerepes.eu\/springer\/wp-content\/uploads\/2024\/05\/442410362_10233798008158987_5902733168235411817_n-760x760.jpg 760w, https:\/\/kerepes.eu\/springer\/wp-content\/uploads\/2024\/05\/442410362_10233798008158987_5902733168235411817_n-150x150.jpg 150w, https:\/\/kerepes.eu\/springer\/wp-content\/uploads\/2024\/05\/442410362_10233798008158987_5902733168235411817_n-100x100.jpg 100w, https:\/\/kerepes.eu\/springer\/wp-content\/uploads\/2024\/05\/442410362_10233798008158987_5902733168235411817_n-370x370.jpg 370w\" sizes=\"auto, (max-width: 760px) 100vw, 760px\" \/><div class=\"mask\"><\/div><a href=\"https:\/\/kerepes.eu\/springer\/2024\/05\/11\/how-politics-affects-our-lives\/\" aria-hidden=\"true\" class=\"icons\"><span><\/span><span><\/span><span><\/span><\/a><div class=\"post_info\"><div class=\"post_tags\"><span class=\"post_meta_item post_tags\"><span class=\"post_meta_label\"><\/span> <a href=\"https:\/\/kerepes.eu\/springer\/tag\/donation\/\" rel=\"tag\">donation<\/a> <a href=\"https:\/\/kerepes.eu\/springer\/tag\/program\/\" rel=\"tag\">program<\/a> <a href=\"https:\/\/kerepes.eu\/springer\/tag\/volunteer\/\" rel=\"tag\">volunteer<\/a><\/span><\/div><\/div><\/div><div class=\"sc_blogger_item_content entry-content\"><div class=\"sc_blogger_item_header entry-header\"><div class=\"post_meta\">\t\t\t\t\t\t<span class=\"post_meta_item post_date\"><a href=\"https:\/\/kerepes.eu\/springer\/2024\/05\/11\/how-politics-affects-our-lives\/\">2024.05.11.<\/a><\/span>\n\t\t\t\t\t\t <a href=\"https:\/\/kerepes.eu\/springer\/2024\/05\/11\/how-politics-affects-our-lives\/#respond\" class=\"post_meta_item post_counters_item post_counters_comments trx_addons_icon-comment\"><span class=\"post_counters_number\">0<\/span><span class=\"post_counters_label\">Comments<\/span><\/a> <\/div><!-- .post_meta --><h5 class=\"sc_blogger_item_title entry-title\"><a href=\"https:\/\/kerepes.eu\/springer\/2024\/05\/11\/how-politics-affects-our-lives\/\" rel=\"bookmark\">UTCAF\u00d3RUM Hollandia Telep 4-es k\u00f6rzet<\/a><\/h5><\/div><!-- .entry-header --><div class=\"sc_blogger_item_excerpt\">\n\t\t\t\t<div class=\"sc_blogger_item_excerpt_text\">\n\t\t\t\t\t<p>Csapatunkban csak a legjobb embereket gy\u0171jt\u00f6tt\u00fck \u00f6ssze, akik v\u00e1llalj\u00e1k \u00e9s betartj\u00e1k \u00edg\u00e9ret\u00fcket.<\/p>\n\t\t\t\t<\/div>\n\t\t\t\t<div class=\"sc_blogger_item_button sc_item_button\"><a href=\"https:\/\/kerepes.eu\/springer\/2024\/05\/11\/how-politics-affects-our-lives\/\" class=\"sc_button sc_button_default sc_button_size_small\">Read more<\/a><\/div>\t\t\t\t\t<a class=\"post_meta_item post_author\" rel=\"author\" href=\"https:\/\/kerepes.eu\/springer\/author\/ugrojani\/\">\n\t\t\t\t\t\tby ugrojani\t\t\t\t\t<\/a>\n\t\t\t\t<\/div><!-- .sc_blogger_item_excerpt --><\/div><!-- .entry-content --><\/div><!-- .sc_blogger_item --><\/div><nav class=\"sc_blogger_pagination sc_item_pagination sc_item_pagination_pages navigation pagination  sc_align_left\" data-params=\"a:35:{s:4:&quot;type&quot;;s:6:&quot;modern&quot;;s:12:&quot;hide_excerpt&quot;;s:0:&quot;&quot;;s:8:&quot;no_links&quot;;s:0:&quot;&quot;;s:9:&quot;post_type&quot;;s:4:&quot;post&quot;;s:8:&quot;taxonomy&quot;;s:8:&quot;category&quot;;s:3:&quot;cat&quot;;s:1:&quot;4&quot;;s:5:&quot;count&quot;;i:2;s:7:&quot;columns&quot;;i:1;s:6:&quot;offset&quot;;i:0;s:7:&quot;orderby&quot;;s:4:&quot;none&quot;;s:5:&quot;order&quot;;s:3:&quot;asc&quot;;s:3:&quot;ids&quot;;s:0:&quot;&quot;;s:9:&quot;more_text&quot;;s:9:&quot;Read more&quot;;s:10:&quot;pagination&quot;;s:5:&quot;pages&quot;;s:4:&quot;page&quot;;i:1;s:6:&quot;slider&quot;;b:0;s:17:&quot;slider_pagination&quot;;s:4:&quot;none&quot;;s:15:&quot;slider_controls&quot;;s:4:&quot;none&quot;;s:12:&quot;slides_space&quot;;i:0;s:5:&quot;title&quot;;s:0:&quot;&quot;;s:8:&quot;subtitle&quot;;s:0:&quot;&quot;;s:11:&quot;description&quot;;s:0:&quot;&quot;;s:4:&quot;link&quot;;s:0:&quot;&quot;;s:10:&quot;link_style&quot;;s:7:&quot;default&quot;;s:10:&quot;link_image&quot;;s:0:&quot;&quot;;s:9:&quot;link_text&quot;;s:10:&quot;Learn more&quot;;s:11:&quot;title_align&quot;;s:4:&quot;left&quot;;s:11:&quot;title_style&quot;;s:7:&quot;default&quot;;s:9:&quot;title_tag&quot;;s:0:&quot;&quot;;s:2:&quot;id&quot;;s:21:&quot;sc_blogger_1291551187&quot;;s:5:&quot;class&quot;;s:0:&quot;&quot;;s:3:&quot;css&quot;;s:0:&quot;&quot;;s:6:&quot;scheme&quot;;s:7:&quot;inherit&quot;;s:11:&quot;color_style&quot;;s:7:&quot;default&quot;;s:2:&quot;sc&quot;;s:10:&quot;sc_blogger&quot;;}\" role=\"navigation\">\n\t\t\t<div class=\"nav-links\"><span class=\"page-numbers current\">1<\/span><a href=\"#\" class=\"page-numbers\" data-page=\"2\">2<\/a><a href=\"#\" class=\"page-numbers\" data-page=\"3\">3<\/a><a href=\"#\" class=\"page-numbers\" data-page=\"4\">4<\/a><a href=\"#\" class=\"page-numbers\" data-page=\"5\">5<\/a><a href=\"#\" class=\"page-numbers next\" data-page=\"2\">Next<\/a><\/div>\n\t\t<\/nav><\/div>[vc_empty_space height=&#8221;2.1em&#8221; alter_height=&#8221;none&#8221; hide_on_desktop=&#8221;1&#8243; hide_on_notebook=&#8221;1&#8243; hide_on_tablet=&#8221;&#8221; hide_on_mobile=&#8221;&#8221;][\/vc_column_inner][vc_column_inner icons_position=&#8221;left&#8221; offset=&#8221;vc_col-lg-4 vc_col-md-4 vc_col-xs-12&#8243;][vc_empty_space height=&#8221;0.4em&#8221; alter_height=&#8221;none&#8221; hide_on_desktop=&#8221;&#8221; hide_on_notebook=&#8221;&#8221; hide_on_tablet=&#8221;&#8221; hide_on_mobile=&#8221;&#8221;][vc_widget_sidebar sidebar_id=&#8221;custom_widgets_1&#8243;][\/vc_column_inner][\/vc_row_inner][vc_empty_space height=&#8221;2.1em&#8221; alter_height=&#8221;none&#8221; hide_on_desktop=&#8221;&#8221; hide_on_notebook=&#8221;&#8221; hide_on_tablet=&#8221;&#8221; hide_on_mobile=&#8221;&#8221;][vc_empty_space height=&#8221;2.1em&#8221; alter_height=&#8221;none&#8221; hide_on_desktop=&#8221;&#8221; hide_on_notebook=&#8221;&#8221; hide_on_tablet=&#8221;1&#8243; hide_on_mobile=&#8221;1&#8243;][vc_empty_space height=&#8221;4.2em&#8221; alter_height=&#8221;none&#8221; hide_on_desktop=&#8221;&#8221; hide_on_notebook=&#8221;1&#8243; hide_on_tablet=&#8221;1&#8243; hide_on_mobile=&#8221;1&#8243;][\/vc_column][\/vc_row][vc_row full_width=&#8221;stretch_row_content&#8221; equal_height=&#8221;yes&#8221; content_placement=&#8221;middle&#8221; hide_bg_image_on_tablet=&#8221;&#8221; hide_bg_image_on_mobile=&#8221;&#8221; css=&#8221;.vc_custom_1716626864620{background-image: url(https:\/\/kerepes.eu\/springer\/wp-content\/uploads\/2024\/05\/20240516_180807-scaled.jpg?id=3021) !important;background-position: center !important;background-repeat: no-repeat !important;background-size: cover !important;}&#8221;][vc_column icons_position=&#8221;left&#8221; offset=&#8221;vc_col-lg-3 vc_hidden-md vc_hidden-sm vc_hidden-xs&#8221;][\/vc_column][vc_column width=&#8221;1\/2&#8243; icons_position=&#8221;left&#8221; offset=&#8221;vc_col-lg-6 vc_col-md-8 vc_col-xs-12&#8243;][vc_empty_space height=&#8221;5.2em&#8221; alter_height=&#8221;none&#8221; hide_on_desktop=&#8221;&#8221; hide_on_notebook=&#8221;&#8221; hide_on_tablet=&#8221;&#8221; hide_on_mobile=&#8221;&#8221;][vc_empty_space height=&#8221;5.2em&#8221; alter_height=&#8221;none&#8221; hide_on_desktop=&#8221;&#8221; hide_on_notebook=&#8221;1&#8243; hide_on_tablet=&#8221;1&#8243; hide_on_mobile=&#8221;1&#8243;]<div id=\"sc_content_594721442\"\n\t\tclass=\"sc_content color_style_default sc_content_default sc_content_width_80p sc_float_center sc_align_center\"><div class=\"sc_content_container\"><div id=\"sc_title_1201083208\"\n\t\tclass=\"sc_title color_style_default scheme_dark sc_title_accent custom_subtitle\"><h6 class=\"sc_item_subtitle sc_title_subtitle sc_align_center sc_item_title_style_accent\">2024. 05.02<\/h6><h1 class=\"sc_item_title sc_title_title sc_align_center sc_item_title_style_accent sc_item_title_tag\">Kamp\u00e1nyprogram kitelep\u00fcl\u00e9sek<\/h1><\/div><!-- \/.sc_title -->[vc_column_text scheme=&#8221;dark&#8221; css=&#8221;.vc_custom_1713564906434{margin-top: -1.2em !important;}&#8221;]<\/p>\n<p style=\"font-size: 1.143em; text-align: center;\">Keresse programjainkat \u00e9s tal\u00e1lkozzon a k\u00e9pvisel\u0151 jel\u00f6ltjeinkkel.<\/p>\n<p>[\/vc_column_text]<\/div><\/div><!-- \/.sc_content -->[vc_empty_space height=&#8221;2em&#8221; alter_height=&#8221;none&#8221; hide_on_desktop=&#8221;&#8221; hide_on_notebook=&#8221;&#8221; hide_on_tablet=&#8221;&#8221; hide_on_mobile=&#8221;&#8221;]<div class=\"sc_item_button sc_button_wrap sc_align_center\"><a href=\"\/event\/education-assotiation-conference\/\" id=\"sc_button_743461749\" class=\"sc_button color_style_default sc_button_default sc_button_size_normal sc_button_icon_left\" target=\"_blank\"><span class=\"sc_button_text\"><span class=\"sc_button_title\">Tov\u00e1bbi rendezv\u00e9nyek<\/span><\/span><!-- \/.sc_button_text --><\/a><!-- \/.sc_button --><\/div><!-- \/.sc_item_button -->[vc_empty_space height=&#8221;5.6em&#8221; alter_height=&#8221;none&#8221; hide_on_desktop=&#8221;&#8221; hide_on_notebook=&#8221;&#8221; hide_on_tablet=&#8221;&#8221; hide_on_mobile=&#8221;&#8221;][vc_empty_space height=&#8221;5.6em&#8221; alter_height=&#8221;none&#8221; hide_on_desktop=&#8221;&#8221; hide_on_notebook=&#8221;1&#8243; hide_on_tablet=&#8221;1&#8243; hide_on_mobile=&#8221;1&#8243;][\/vc_column][vc_column width=&#8221;1\/2&#8243; icons_position=&#8221;left&#8221; offset=&#8221;vc_col-lg-3 vc_col-md-4 vc_col-xs-12&#8243;]<div id=\"sc_content_1865322126\"\n\t\tclass=\"sc_content color_style_default sc_content_default sc_content_width_80p sc_float_center\"><div class=\"sc_content_container\"><div  id=\"sc_events_143322755\"\t\tclass=\"sc_events color_style_default scheme_dark sc_events_default\"><div class=\"sc_events_content sc_item_content\">\n<div class=\"sc_events_item\">\n\t<div class=\"sc_event_thumb\"><img loading=\"lazy\" decoding=\"async\" width=\"100\" height=\"100\" src=\"https:\/\/kerepes.eu\/springer\/wp-content\/uploads\/2024\/05\/442442887_10233786972843111_8395828710191139126_n-100x100.jpg\" class=\"attachment-jack_well-thumb-tiny size-jack_well-thumb-tiny wp-post-image\" alt=\"Utcaf\u00f3rum 6-7-8 k\u00f6rzet\" srcset=\"https:\/\/kerepes.eu\/springer\/wp-content\/uploads\/2024\/05\/442442887_10233786972843111_8395828710191139126_n-100x100.jpg 100w, https:\/\/kerepes.eu\/springer\/wp-content\/uploads\/2024\/05\/442442887_10233786972843111_8395828710191139126_n-150x150.jpg 150w, https:\/\/kerepes.eu\/springer\/wp-content\/uploads\/2024\/05\/442442887_10233786972843111_8395828710191139126_n-370x370.jpg 370w\" sizes=\"auto, (max-width: 100px) 100vw, 100px\" \/>\t<\/div>\n\n\t<div class=\"sc_event_info\">\n\t\t<h5 class=\"sc_events_item_title\"><a href=\"https:\/\/kerepes.eu\/springer\/event\/the-annual-medicine-meetings\/\">Utcaf\u00f3rum 6-7-8 k\u00f6rzet<\/a><\/h5>\n\t\t<span class=\"sc_events_item_date\">16 m\u00e1jus<\/span>\t\n\t<\/div>\n\n<\/div>\n\n<\/div><\/div><!-- \/.sc_events --><\/div><\/div><!-- \/.sc_content -->[vc_empty_space height=&#8221;2.1em&#8221; alter_height=&#8221;none&#8221; hide_on_desktop=&#8221;1&#8243; hide_on_notebook=&#8221;&#8221; hide_on_tablet=&#8221;&#8221; hide_on_mobile=&#8221;&#8221;][\/vc_column][\/vc_row][vc_row][vc_column icons_position=&#8221;left&#8221;][vc_empty_space height=&#8221;4.2em&#8221; alter_height=&#8221;none&#8221; hide_on_desktop=&#8221;&#8221; hide_on_notebook=&#8221;&#8221; hide_on_tablet=&#8221;&#8221; hide_on_mobile=&#8221;&#8221;][vc_empty_space height=&#8221;4.2em&#8221; alter_height=&#8221;none&#8221; hide_on_desktop=&#8221;&#8221; hide_on_notebook=&#8221;1&#8243; hide_on_tablet=&#8221;1&#8243; hide_on_mobile=&#8221;1&#8243;]<div id=\"sc_title_1111427384\"\n\t\tclass=\"sc_title color_style_default sc_title_accent\"><h6 class=\"sc_item_subtitle sc_title_subtitle sc_align_center sc_item_title_style_accent\">Maradjon kapcsolatban vel\u00fcnk<\/h6><h2 class=\"sc_item_title sc_title_title sc_align_center sc_item_title_style_accent\">Kapcsolat<\/h2><\/div><!-- \/.sc_title -->[vc_empty_space height=&#8221;2.6em&#8221; alter_height=&#8221;none&#8221; hide_on_desktop=&#8221;&#8221; hide_on_notebook=&#8221;&#8221; hide_on_tablet=&#8221;&#8221; hide_on_mobile=&#8221;&#8221;][vc_empty_space height=&#8221;2.6em&#8221; alter_height=&#8221;none&#8221; hide_on_desktop=&#8221;&#8221; hide_on_notebook=&#8221;1&#8243; hide_on_tablet=&#8221;1&#8243; hide_on_mobile=&#8221;1&#8243;]<div id=\"sc_googlemap_350526274_wrap\" class=\"sc_googlemap_wrap\"><div id=\"sc_googlemap_350526274\"\n\t\t\tclass=\"sc_googlemap sc_googlemap_default trx_addons_inline_326971366\"\n\t\t\t\t\t\tdata-zoom=\"12\"\n\t\t\tdata-style=\"light\"\n\t\t\tdata-cluster-icon=\"\"\n\n\t\t\t><iframe\n\t\t\t\t\tsrc=\"https:\/\/maps.google.com\/maps?t=m&output=embed&iwloc=near&z=12&q=2144+Kerepes+Hungary+Szabads%C3%A1g+%C3%BAt+91\"\n\t\t\t\t\tscrolling=\"no\"\n\t\t\t\t\tmarginheight=\"0\"\n\t\t\t\t\tmarginwidth=\"0\"\n\t\t\t\t\tframeborder=\"0\"\n\t\t\t\t\taria-label=\"\"><\/iframe><\/div><\/div><!-- \/.sc_googlemap_wrap -->[vc_empty_space height=&#8221;2.9em&#8221; alter_height=&#8221;none&#8221; hide_on_desktop=&#8221;&#8221; hide_on_notebook=&#8221;&#8221; hide_on_tablet=&#8221;&#8221; hide_on_mobile=&#8221;&#8221;][vc_empty_space height=&#8221;2.9em&#8221; alter_height=&#8221;none&#8221; hide_on_desktop=&#8221;&#8221; hide_on_notebook=&#8221;1&#8243; hide_on_tablet=&#8221;1&#8243; hide_on_mobile=&#8221;1&#8243;][\/vc_column][\/vc_row][vc_row hide_bg_image_on_tablet=&#8221;&#8221; hide_bg_image_on_mobile=&#8221;&#8221; el_class=&#8221;contacts_info&#8221;][vc_column width=&#8221;1\/3&#8243; icons_position=&#8221;left&#8221;][vc_column_text]<\/p>\n<p style=\"text-align: center;\"><span class=\"trx_addons_tiny_text trx_addons_accent\">havjon fel<\/span><\/p>\n<p>[\/vc_column_text][vc_empty_space height=&#8221;0.5em&#8221; alter_height=&#8221;none&#8221; hide_on_desktop=&#8221;&#8221; hide_on_notebook=&#8221;&#8221; hide_on_tablet=&#8221;&#8221; hide_on_mobile=&#8221;&#8221;]<div id=\"sc_title_392270162\"\n\t\tclass=\"sc_title color_style_default sc_title_default\"><h6 class=\"sc_item_subtitle sc_title_subtitle sc_align_center sc_item_title_style_default\">mi sz\u00edvesen visszah\u00edvjuk<\/h6><h4 class=\"sc_item_title sc_title_title sc_align_center sc_item_title_style_default sc_item_title_tag\">h\u00edvjon fel<\/h4><\/div><!-- \/.sc_title -->[vc_empty_space height=&#8221;1em&#8221; alter_height=&#8221;none&#8221; hide_on_desktop=&#8221;&#8221; hide_on_notebook=&#8221;&#8221; hide_on_tablet=&#8221;&#8221; hide_on_mobile=&#8221;&#8221;][vc_column_text]<\/p>\n<p style=\"text-align: center;\">+36 28 56 0010<br \/>\n+36 20 99 40 971<\/p>\n<p>[\/vc_column_text][vc_empty_space height=&#8221;1em&#8221; alter_height=&#8221;none&#8221; hide_on_desktop=&#8221;&#8221; hide_on_notebook=&#8221;&#8221; hide_on_tablet=&#8221;&#8221; hide_on_mobile=&#8221;&#8221;][\/vc_column][vc_column width=&#8221;1\/3&#8243; icons_position=&#8221;left&#8221;][vc_column_text]<\/p>\n<p style=\"text-align: center;\"><span class=\"trx_addons_tiny_text trx_addons_accent\">Keressen fel<\/span><\/p>\n<p>[\/vc_column_text][vc_empty_space height=&#8221;0.5em&#8221; alter_height=&#8221;none&#8221; hide_on_desktop=&#8221;&#8221; hide_on_notebook=&#8221;&#8221; hide_on_tablet=&#8221;&#8221; hide_on_mobile=&#8221;&#8221;]<div id=\"sc_title_301505354\"\n\t\tclass=\"sc_title color_style_default sc_title_default\"><h4 class=\"sc_item_title sc_title_title sc_align_center sc_item_title_style_default sc_item_title_tag\">Cam\u00fcnk<\/h4><\/div><!-- \/.sc_title -->[vc_empty_space height=&#8221;1em&#8221; alter_height=&#8221;none&#8221; hide_on_desktop=&#8221;&#8221; hide_on_notebook=&#8221;&#8221; hide_on_tablet=&#8221;&#8221; hide_on_mobile=&#8221;&#8221;][vc_column_text]<\/p>\n<p style=\"text-align: center;\">2144 Kerepes Szabads\u00e1g \u00fat 91<\/p>\n<p>[\/vc_column_text][vc_empty_space height=&#8221;1em&#8221; alter_height=&#8221;none&#8221; hide_on_desktop=&#8221;&#8221; hide_on_notebook=&#8221;&#8221; hide_on_tablet=&#8221;&#8221; hide_on_mobile=&#8221;&#8221;][\/vc_column][vc_column width=&#8221;1\/3&#8243; icons_position=&#8221;left&#8221;][vc_column_text]<\/p>\n<p style=\"text-align: center;\"><span class=\"trx_addons_tiny_text trx_addons_accent\">mail us<\/span><\/p>\n<p>[\/vc_column_text][vc_empty_space height=&#8221;0.5em&#8221; alter_height=&#8221;none&#8221; hide_on_desktop=&#8221;&#8221; hide_on_notebook=&#8221;&#8221; hide_on_tablet=&#8221;&#8221; hide_on_mobile=&#8221;&#8221;]<div id=\"sc_title_1580449235\"\n\t\tclass=\"sc_title color_style_default sc_title_default\"><h4 class=\"sc_item_title sc_title_title sc_align_center sc_item_title_style_default sc_item_title_tag\">K\u00fcldj\u00f6n \u00fczenetet<\/h4><\/div><!-- \/.sc_title -->[vc_empty_space height=&#8221;1em&#8221; alter_height=&#8221;none&#8221; hide_on_desktop=&#8221;&#8221; hide_on_notebook=&#8221;&#8221; hide_on_tablet=&#8221;&#8221; hide_on_mobile=&#8221;&#8221;][vc_column_text]<\/p>\n<p style=\"text-align: center;\">springer@kerepes.eu<\/p>\n<p>[\/vc_column_text][vc_empty_space height=&#8221;1em&#8221; alter_height=&#8221;none&#8221; hide_on_desktop=&#8221;&#8221; hide_on_notebook=&#8221;&#8221; hide_on_tablet=&#8221;&#8221; hide_on_mobile=&#8221;&#8221;][\/vc_column][\/vc_row]<\/p>\n<\/div>","protected":false},"excerpt":{"rendered":"<p>[vc_row][vc_column icons_position=&#8221;left&#8221;][vc_empty_space height=&#8221;4.5em&#8221; alter_height=&#8221;none&#8221; hide_on_desktop=&#8221;&#8221; hide_on_notebook=&#8221;&#8221; hide_on_tablet=&#8221;&#8221; hide_on_mobile=&#8221;&#8221;][vc_row_inner hide_bg_image_on_tablet=&#8221;&#8221; hide_bg_image_on_mobile=&#8221;&#8221;][vc_column_inner icons_position=&#8221;left&#8221; offset=&#8221;vc_col-lg-8 vc_col-md-8 vc_col-xs-12&#8243;][vc_empty_space height=&#8221;2.1em&#8221; alter_height=&#8221;none&#8221; hide_on_desktop=&#8221;1&#8243; hide_on_notebook=&#8221;1&#8243; hide_on_tablet=&#8221;&#8221; hide_on_mobile=&#8221;&#8221;][\/vc_column_inner][vc_column_inner icons_position=&#8221;left&#8221; offset=&#8221;vc_col-lg-4 vc_col-md-4 vc_col-xs-12&#8243;][vc_empty_space height=&#8221;0.4em&#8221; alter_height=&#8221;none&#8221; hide_on_desktop=&#8221;&#8221; hide_on_notebook=&#8221;&#8221; hide_on_tablet=&#8221;&#8221; hide_on_mobile=&#8221;&#8221;][vc_widget_sidebar sidebar_id=&#8221;custom_widgets_1&#8243;][\/vc_column_inner][\/vc_row_inner][vc_empty_space height=&#8221;2.1em&#8221; alter_height=&#8221;none&#8221; hide_on_desktop=&#8221;&#8221; hide_on_notebook=&#8221;&#8221; hide_on_tablet=&#8221;&#8221; hide_on_mobile=&#8221;&#8221;][vc_empty_space height=&#8221;2.1em&#8221; alter_height=&#8221;none&#8221; hide_on_desktop=&#8221;&#8221; hide_on_notebook=&#8221;&#8221; hide_on_tablet=&#8221;1&#8243; hide_on_mobile=&#8221;1&#8243;][vc_empty_space height=&#8221;4.2em&#8221; alter_height=&#8221;none&#8221; hide_on_desktop=&#8221;&#8221; hide_on_notebook=&#8221;1&#8243; hide_on_tablet=&#8221;1&#8243; hide_on_mobile=&#8221;1&#8243;][\/vc_column][\/vc_row][vc_row full_width=&#8221;stretch_row_content&#8221; equal_height=&#8221;yes&#8221; content_placement=&#8221;middle&#8221; hide_bg_image_on_tablet=&#8221;&#8221; hide_bg_image_on_mobile=&#8221;&#8221; css=&#8221;.vc_custom_1716626864620{background-image: url(https:\/\/kerepes.eu\/springer\/wp-content\/uploads\/2024\/05\/20240516_180807-scaled.jpg?id=3021) !important;background-position: center !important;background-repeat: no-repeat&hellip;<\/p>\n","protected":false},"author":1,"featured_media":0,"parent":0,"menu_order":0,"comment_status":"closed","ping_status":"closed","template":"","meta":{"give_campaign_id":0,"footnotes":""},"class_list":["post-93","page","type-page","status-publish","hentry","cat_world-politics"],"campaignId":"","_links":{"self":[{"href":"https:\/\/kerepes.eu\/springer\/wp-json\/wp\/v2\/pages\/93","targetHints":{"allow":["GET"]}}],"collection":[{"href":"https:\/\/kerepes.eu\/springer\/wp-json\/wp\/v2\/pages"}],"about":[{"href":"https:\/\/kerepes.eu\/springer\/wp-json\/wp\/v2\/types\/page"}],"author":[{"embeddable":true,"href":"https:\/\/kerepes.eu\/springer\/wp-json\/wp\/v2\/users\/1"}],"replies":[{"embeddable":true,"href":"https:\/\/kerepes.eu\/springer\/wp-json\/wp\/v2\/comments?post=93"}],"version-history":[{"count":4,"href":"https:\/\/kerepes.eu\/springer\/wp-json\/wp\/v2\/pages\/93\/revisions"}],"predecessor-version":[{"id":3178,"href":"https:\/\/kerepes.eu\/springer\/wp-json\/wp\/v2\/pages\/93\/revisions\/3178"}],"wp:attachment":[{"href":"https:\/\/kerepes.eu\/springer\/wp-json\/wp\/v2\/media?parent=93"}],"curies":[{"name":"wp","href":"https:\/\/api.w.org\/{rel}","templated":true}]}}